{"id":1261,"date":"2023-03-10T11:27:24","date_gmt":"2023-03-10T11:27:24","guid":{"rendered":"http:\/\/nuumagenetics.com\/?page_id=3"},"modified":"2025-01-13T14:23:53","modified_gmt":"2025-01-13T13:23:53","slug":"datenschutzrichtlinie","status":"publish","type":"page","link":"https:\/\/nuumagenetics.com\/de\/datenschutzrichtlinie\/","title":{"rendered":"Datenschutzrichtlinie"},"content":{"rendered":"<p>Wer wir sind Bei CITOLAB LABORATORIO CITODIAGN\u00d3STICO, S.L. haben wir unsere Datenschutzerkl\u00e4rung aktualisiert, damit sie der neuen Regulierung sowohl auf europ\u00e4ischer (Verordnung 2016\/679) als auch nationaler Ebene (L.O. 3\/2018) entspricht. Unsere Kontaktdaten als Verantwortliche f\u00fcr die Verarbeitung der \u00fcber unsere Website und unsere Profile in sozialen Netzwerken erhobenen Daten sind wie folgt:<\/p>\n<p>Firmierung: CITOLAB LABORATORIO CITODIAGN\u00d3STICO, S.L.<br \/>\nSteuernummer (CIF): B-53238026<br \/>\nAdresse: Avda. de D\u00e9nia, 76 \u2013 03016 \u00b7 Alicante \u00b7 Spanien<\/p>\n<p>Welche Interessengruppen betroffen sind Mit &#8222;betroffenen Interessengruppen&#8220; meinen wir die Gruppen von Personen, deren personenbezogene Daten wir erheben. In unserem Fall sind die betroffenen Interessengruppen wie folgt:<\/p>\n<ul>\n<li aria-level=\"1\">Interessierte an unseren Dienstleistungen: Personen, die das Kontaktformular ausf\u00fcllen und\/oder uns anrufen oder uns direkt besuchen, um sich nach unseren Dienstleistungen zu erkundigen.<\/li>\n<li aria-level=\"1\">Kunden: Personen, mit denen wir einen Vertrag abgeschlossen haben, der die Allgemeinen Gesch\u00e4ftsbedingungen, die erbrachte Dienstleistung, die Konditionen, den Preis, die Lieferzeiten usw. umfasst.<\/li>\n<li aria-level=\"1\">Autorisierte Dritte: Personen, die von den Kunden ordnungsgem\u00e4\u00df autorisiert sind und in ihrem Namen (per Post, E-Mail oder pers\u00f6nlich) die Testergebnisse erhalten, die Teil des Vertrages sind.<\/li>\n<\/ul>\n<p>Welche Daten erheben wir Die Daten, die uns die Benutzer unserer Website oder der verschiedenen sozialen Netzwerke, in denen wir ein professionelles Profil unterhalten, zur Verf\u00fcgung stellen, k\u00f6nnen verschiedenen Bed\u00fcrfnissen entsprechen, die je nach Kontext leicht identifiziert werden k\u00f6nnen. Zum Beispiel: Wenn ein Benutzer ein Kontaktformular ausf\u00fcllt und\/oder an einer bestimmten Aktion teilnimmt, werden seine Daten selbstverst\u00e4ndlich zu diesen Zwecken verwendet und um ihn sp\u00e4ter \u00fcber Neuigkeiten im Zusammenhang mit unseren Dienstleistungen und\/oder der angebotenen Aktion zu informieren. In keinem Fall erheben wir mehr Daten als unbedingt notwendig f\u00fcr die Erf\u00fcllung der jeweils angegebenen Zwecke. Im Allgemeinen beschr\u00e4nken wir uns darauf, die folgenden Datentypen zu erheben:<\/p>\n<ul>\n<li aria-level=\"1\">Kontaktdaten f\u00fcr Benutzer, die mit uns in Kontakt treten (Website, Messen, Telefon, physische Besuche usw.). Diese Daten umfassen: Name, Telefon, E-Mail und in einigen F\u00e4llen Angaben dazu, wie sie uns kennengelernt haben. Nur die Kommunikationsdaten sind erforderlich, um mit dem Interessenten in Kontakt zu treten.<\/li>\n<li aria-level=\"1\">Daten f\u00fcr die Erbringung einer beauftragten Dienstleistung: Neben den Identifikationsdaten auch die notwendigen Daten zur Validierung von Zahlungen und Rechnungsstellung. WICHTIG: Unsere medizinischen Dienstleistungen beinhalten die Verarbeitung biologischer Daten (Proben). Diese Daten sind erforderlich f\u00fcr die Erbringung einer oder mehrerer unserer Dienstleistungen.<\/li>\n<li aria-level=\"1\">Daten zu Navigation oder Vorlieben: Zum Beispiel verwenden wir in einigen F\u00e4llen die in &#8222;Likes&#8220; oder \u00e4hnlichem ausgedr\u00fcckten Daten, um den Grad der Akzeptanz unserer Initiativen zu bewerten. Ebenso werden wir in einigen F\u00e4llen nachfragen, wie Sie uns kennengelernt haben. In jedem Fall sind diese Daten niemals erforderlich, wenn der Benutzer einfach unsere Website besucht, ein Kontaktformular ausf\u00fcllt oder unsere Profile in sozialen Netzwerken besucht. Sofern technische Ma\u00dfnahmen es erm\u00f6glichen, findet der Benutzer immer einen Link zu unserer Datenschutzerkl\u00e4rung.<\/li>\n<\/ul>\n<p>&nbsp;<\/p>\n<p><b>Zwecke der Verarbeitung\/Verwendung personenbezogener Daten<\/b> Die Zwecke, f\u00fcr die wir die personenbezogenen Daten der Nutzer unserer Website und sozialen Netzwerke erheben, werden stets klar und transparent angegeben. Zum Beispiel: Im Falle von Kontaktformularen werden die Daten ausschlie\u00dflich verwendet, um Informationsanfragen zu bearbeiten und den Interessenten \u00fcber zuk\u00fcnftige Aktivit\u00e4ten, Dienstleistungen und Produkte im Zusammenhang mit seiner Anfrage auf dem Laufenden zu halten. In jedem Fall kann der Betroffene jederzeit und stets kostenlos eines der in der geltenden Gesetzgebung vorgesehenen Rechte aus\u00fcben (siehe unten) durch eine einfache E-Mail an info@nuumagenetics.com. Falls CITOLAB LABORATORIO CITODIAGN\u00d3STICO, S.L. die Daten f\u00fcr mehr als einen Zweck verwenden m\u00f6chte, wird immer die Zustimmung f\u00fcr jeden einzelnen Zweck eingeholt. Beispiel: Der Nutzer ist frei, seine Zustimmung zur Teilnahme an einer Promotion f\u00fcr Dienstleistungen mit einer bestimmten Saisonabh\u00e4ngigkeit (Sommer) zu erteilen oder nicht und sich (oder nicht) f\u00fcr eine Promotion oder einen Newsletter anzumelden, die eine andere und\/oder kontinuierliche Periodizit\u00e4t hat. Unter keinen Umst\u00e4nden wird die Organisation dazu verpflichtet, eine verkn\u00fcpfte oder pauschale Zustimmung zu erteilen: Unsere Nutzer k\u00f6nnen jederzeit selbst entscheiden, welche Informationen sie erhalten m\u00f6chten, wie und wann.<\/p>\n<p><b>Weitere Details zu den Zwecken der Verwendung personenbezogener Daten:<\/b><\/p>\n<ul>\n<li aria-level=\"1\">Ihnen Informationen zu den Produkten und Dienstleistungen zuzusenden, die unser Unternehmen anbietet und die auf dieser Website beschrieben sind, sowie m\u00f6gliche Weiterleitungen an Fachkr\u00e4fte im Bereich der medizinischen Dienstleistungen;<\/li>\n<li aria-level=\"1\">Ihnen per E-Mail und\/oder Post Neuigkeiten und Updates \u00fcber unser Unternehmen sowie Aktualisierungen unseres Produkt- und Dienstleistungskatalogs zu senden;<\/li>\n<li aria-level=\"1\">Informationsanfragen, Vorschl\u00e4ge und Beschwerden von Interessenten zu kanalisieren, um sie zu verwalten und zu l\u00f6sen;<\/li>\n<li aria-level=\"1\">Den Versand des Newsletters an Nutzer zu organisieren, die sich daf\u00fcr angemeldet haben;<\/li>\n<li aria-level=\"1\">Die Buchung unserer Dienstleistungen durch die Annahme des entsprechenden Angebots\/Bestellung und\/oder den Abschluss eines Handelsvertrags zu verwalten. In diesem Fall sind biologische Daten f\u00fcr die Erbringung der Dienstleistung erforderlich.<\/li>\n<\/ul>\n<p><b>Rechtliche Grundlage<\/b> Technisch gesehen wird mit \u201eRechtlicher Grundlage\u201c die Erm\u00e4chtigung bezeichnet, die uns bei der Verarbeitung der personenbezogenen Daten unserer Nutzer unterst\u00fctzt. Beispiel: Wenn ein Nutzer bestimmte Dienstleistungen oder Produkte \u00fcber unsere Website erwerben m\u00f6chte, wird die rechtliche Grundlage f\u00fcr die Verarbeitung seiner personenbezogenen Daten offensichtlich der Vertrag sein. Durch einen Vertrag wird CITOLAB LABORATORIO CITODIAGN\u00d3STICO, S.L. seine Anfrage bearbeiten, die Probe annehmen, verarbeiten und die Ergebnisse versenden oder liefern. Falls die Proben unzureichend, kontaminiert oder aus einem anderen Grund nicht f\u00fcr die Durchf\u00fchrung der gebuchten Dienstleistung geeignet sind, wird die Organisation den Kunden sofort (auch telefonisch) informieren. In anderen F\u00e4llen wird die rechtliche Grundlage, die die Verarbeitung der personenbezogenen Daten des Nutzers erm\u00f6glicht, die Zustimmung des Nutzers selbst sein. Dies ist der Fall bei der Verarbeitung der Daten von Nutzern, die an unseren Dienstleistungen, Promotionen, Newslettern usw. interessiert sind. Der Nutzer findet eine Zusammenfassung der rechtlichen Grundlagen, die die Verarbeitung der verschiedenen Daten st\u00fctzen, zu Beginn dieses Abschnitts. Bei Fragen k\u00f6nnen Sie sich wie immer direkt an uns wenden, durch eine einfache E-Mail an: info@nuumagenetics.com.<\/p>\n<p><b>Berechtigtes Interesse<\/b> Das berechtigte Interesse wird in Erw\u00e4gungsgrund 47 der EU-Datenschutz-Grundverordnung (DSGVO), 2016\/679, definiert. Kurz gesagt, ist es das Recht, mit den Kunden in Kontakt zu treten, auch wenn sie kein Kontaktformular ausgef\u00fcllt haben. Um dieses Recht zu nutzen, haben wir eine Bewertung der Rechte der betroffenen Personen (Kunden) und der Vorteile dieses Rechts f\u00fcr uns vorgenommen. Gem\u00e4\u00df den genannten gesetzlichen Bestimmungen umfassen die Rechte der betroffenen Personen in diesem Fall das Recht auf Widerspruch (gew\u00e4hrleistet durch die weiter unten angegebenen Modalit\u00e4ten) sowie die Vertraulichkeit ihrer E-Mail-Adresse (gesichert durch die technischen, rechtlichen und organisatorischen Ma\u00dfnahmen, die wir implementiert haben). Zusammengefasst: Wir verwenden die E-Mail-Adressen unserer Kunden, um sie \u00fcber unsere Produkte zu informieren. Wenn sie keine weiteren E-Mails erhalten m\u00f6chten, k\u00f6nnen sie einfach auf die Schaltfl\u00e4che \u201eAbmelden\u201c oder eine \u00e4hnliche Option klicken. Sie k\u00f6nnen auch eine E-Mail an unseren Datenschutzbeauftragten senden: info@nuumagenetics.com.<\/p>\n<p><b>Widerruf der Zustimmung<\/b> In F\u00e4llen, in denen die rechtliche Grundlage f\u00fcr die Verarbeitung der personenbezogenen Daten unserer Nutzer die Zustimmung war, kann diese jederzeit auf die einfachste Weise widerrufen werden. Wenn es einfach war, uns die Zustimmung per Formular oder durch eine E-Mail oder einen Klick zu erteilen, wird es ebenso einfach sein, diese Zustimmung auf demselben Weg zu widerrufen: eine E-Mail an info@nuumagenetics.com. Der Widerruf der Zustimmung hat selbstverst\u00e4ndlich keine r\u00fcckwirkenden Auswirkungen und wird sofort wirksam, sobald der Nutzer uns seinen Wunsch \u00fcbermittelt, der Verarbeitung seiner Daten nicht mehr zuzustimmen.<\/p>\n<p><b>Aufbewahrungsfrist<\/b> Hier geben wir an, wie lange CITOLAB LABORATORIO CITODIAGN\u00d3STICO, S.L. die personenbezogenen Daten der Nutzer unserer Online-Dienste aufbewahren m\u00f6chte. Es gibt keine einheitliche Aufbewahrungsfrist, da die Behandlungen und Zwecke unterschiedlich und vielf\u00e4ltig sind. In jedem Fall wird die Organisation immer den folgenden Regeln folgen: F\u00fcr Vertragsdaten: Die Frist ist in diesem Fall durch die geltende Gesetzgebung festgelegt. In der Regel wird die Organisation die Nutzerdaten bis zum m\u00f6glichen Ablauf der Verj\u00e4hrung von vertraglichen Haftungsanspr\u00fcchen aufbewahren (in der Regel zehn Jahre); F\u00fcr Kontaktdaten: Die Frist betr\u00e4gt f\u00fcnf Jahre, beginnend mit der letzten Interaktion zwischen dem Nutzer und der Organisation. Beispiel: Wenn der Nutzer Informationen zu den Dienstleistungen und Produkten der Organisation anfordert und sich f\u00fcr den Newsletter anmeldet, wird die Organisation seine Daten aufbewahren, bis der Nutzer den Newsletter abbestellt. Die Daten werden dann gesperrt und nach Ablauf der oben genannten Frist zur vertraglichen Haftung gel\u00f6scht. In diesem Fall k\u00f6nnen Sie sich auch gerne mit uns in Verbindung setzen, um die Einzelheiten unserer Datenaufbewahrungsrichtlinie zu erfahren: info@nuumagenetics.com<\/p>\n<p><b>Automatisierte Entscheidungen<\/b> Unter \u201eAutomatisierten Entscheidungen\u201c versteht man Entscheidungen, die vom Verantwortlichen der Verarbeitung getroffen werden, ohne menschliches Eingreifen und basierend auf personenbezogenen Daten, die vom Nutzer bereitgestellt wurden, entweder manuell (z. B. durch Ausf\u00fcllen eines Formulars) oder durch die Analyse seines Surfverhaltens. CITOLAB LABORATORIO CITODIAGN\u00d3STICO, S.L. informiert, dass keine automatisierten Entscheidungen getroffen werden, basierend auf dem Surfverhalten der Nutzer, weder auf der Website noch auf den Profilen der sozialen Netzwerke.<\/p>\n<p><b>Empf\u00e4nger der Informationen<\/b> CITOLAB LABORATORIO CITODIAGN\u00d3STICO, S.L. gibt unter keinen Umst\u00e4nden die Daten der Nutzer der Website und ihrer Social-Media-Profile an Dritte weiter. Die Organisation kann in Einzelf\u00e4llen externe Partner hinzuziehen, wobei diese Beziehungen immer durch einen Auftragsverarbeitungsvertrag abgesichert werden.<\/p>\n<p><b>Rechte der Betroffenen<\/b> CITOLAB LABORATORIO CITODIAGN\u00d3STICO, S.L. informiert \u00fcber die Rechte, die den Betroffenen zustehen. Wie immer k\u00f6nnen Sie sich bei Fragen direkt an uns wenden, durch eine einfache E-Mail an: info@nuumagenetics.com.<\/p>\n<ul>\n<li aria-level=\"1\"><b>Recht auf Auskunft<\/b>: Der Nutzer kann von der Organisation erfahren, welche Informationen diese \u00fcber ihn gespeichert hat, sowohl im Hinblick auf seine Online-Beziehung als auch gegebenenfalls seine Offline-Beziehung. Zum Beispiel kann der Nutzer Auskunft \u00fcber seine Anmeldung zum Newsletter anfordern. In jedem Fall wird die Organisation die Identit\u00e4t des Anfragenden \u00fcberpr\u00fcfen, je nach der Bedeutung der Daten, auf die zugegriffen werden soll. Der Nutzer hat das Recht, folgende Informationen zu erfahren:\n<ul>\n<li aria-level=\"2\">Die Zwecke der Datenverarbeitung;<\/li>\n<li aria-level=\"2\">Die Kategorien der verarbeiteten Daten;<\/li>\n<li aria-level=\"2\">Die m\u00f6glichen Empf\u00e4nger\/\u00dcbernehmer der Daten;<\/li>\n<li aria-level=\"2\">Die Aufbewahrungsfristen;<\/li>\n<li aria-level=\"2\">Das Bestehen des Rechts, eine Beschwerde bei der Aufsichtsbeh\u00f6rde (der spanischen Datenschutzbeh\u00f6rde) einzureichen.<\/li>\n<\/ul>\n<\/li>\n<li aria-level=\"1\"><b>Recht auf Berichtigung<\/b>: Falls die Organisation fehlerhafte Daten gespeichert hat oder der Nutzer seine Daten (z. B. seine E-Mail-Adresse) ganz oder teilweise \u00e4ndert, muss der Nutzer uns lediglich eine E-Mail senden, in der er angibt, welche Daten er korrigieren m\u00f6chte und wie.<\/li>\n<li aria-level=\"1\"><b>Recht auf L\u00f6schung<\/b>: In diesem Fall kann der Betroffene das sogenannte \u201eRecht auf Vergessenwerden\u201c aus\u00fcben. Die Organisation wird die Daten des Betroffenen endg\u00fcltig l\u00f6schen, sobald die gesetzlich vorgesehenen Aufbewahrungsfristen abgelaufen sind. Solange diese Fristen nicht abgelaufen sind, werden die betreffenden Daten gesperrt und keinesfalls weiterverwendet, abgesehen von ihrer blo\u00dfen Aufbewahrung.<\/li>\n<li aria-level=\"1\"><b>Recht auf Einschr\u00e4nkung der Verarbeitung<\/b>: Der Betroffene kann die Einschr\u00e4nkung der Verarbeitung seiner Daten in folgenden F\u00e4llen anfordern:\n<ul>\n<li aria-level=\"2\">Wenn die Richtigkeit der Daten bestritten wird;<\/li>\n<li aria-level=\"2\">Wenn die Verarbeitung unrechtm\u00e4\u00dfig ist;<\/li>\n<li aria-level=\"2\">Wenn die Organisation die Daten nicht mehr ben\u00f6tigt, um die Zwecke zu erf\u00fcllen, f\u00fcr die sie urspr\u00fcnglich erhoben wurden;<\/li>\n<li aria-level=\"2\">Solange \u00fcberpr\u00fcft wird, ob das berechtigte Interesse der Organisation f\u00fcr die Nutzung der Daten \u00fcberwiegt.<\/li>\n<\/ul>\n<\/li>\n<li aria-level=\"1\"><b>Recht auf Daten\u00fcbertragbarkeit<\/b>: Der Betroffene kann eine Kopie seiner Daten in einem strukturierten, g\u00e4ngigen und maschinenlesbaren Format anfordern. Diese Kopie kann direkt an den Betroffenen oder an eine andere von ihm benannte Person gesendet werden, sofern dies technisch m\u00f6glich ist.<\/li>\n<li aria-level=\"1\"><b>Recht auf Widerspruch<\/b>: Der Betroffene kann der Verarbeitung seiner Daten widersprechen, wenn diese auf dem berechtigten Interesse der Organisation basiert. Ebenso kann der Betroffene dieses Recht aus\u00fcben, um sich gegen die Verarbeitung zu Marketingzwecken und die Erstellung von Profilen zu wenden.<\/li>\n<li aria-level=\"1\"><b>Recht, nicht einer automatisierten Entscheidung unterworfen zu werden<\/b>: Falls die Organisation solche automatisierten Entscheidungsprozesse durchf\u00fchrt (Entscheidungen, die die Rechte oder Interessen des Betroffenen betreffen, ohne dass menschliches Eingreifen erfolgt), kann der Betroffene jederzeit verlangen, nicht diesen Praktiken unterworfen zu werden.<\/li>\n<\/ul>\n<p><b>Abschlussbestimmungen<\/b> Die Nutzer dieser Website verstehen, dass alle \u00fcber soziale Netzwerke bereitgestellten Informationen (Posts, Erw\u00e4hnungen, Kommentare, Links, Chats, Videos, Fotos usw.) \u00f6ffentlich sein k\u00f6nnen und daher von Dritten verwendet werden k\u00f6nnen, auf die die Organisation keine technischen Einschr\u00e4nkungen anwenden kann. Diese Dritten k\u00f6nnen diese vom Nutzer ver\u00f6ffentlichten Daten ohne Genehmigung von CITOLAB LABORATORIO CITODIAGN\u00d3STICO, S.L. f\u00fcr Zwecke nutzen, die nicht direkt mit den Interessen des Unternehmens verbunden sind, ohne dass dadurch eine Genehmigung, Zustimmung oder blo\u00dfe Kenntnisnahme dieser Fakten abgeleitet wird. Daher sollten sich die Nutzer dieses Aspekts bewusst sein, der mit der Ver\u00f6ffentlichung von Informationen \u00fcber soziale Netzwerke verbunden ist. Alle Meinungen und allgemein ver\u00f6ffentlichte Informationen durch die Nutzer stellen nur die Meinung der jeweiligen Person dar und weisen nicht auf eine Beteiligung unseres Unternehmens hin. Was die Identifikation der Nutzer betrifft, die Links setzen, Kommentare abgeben oder Beitr\u00e4ge (Texte, Videos, Fotos usw.) auf den von den Plattformen der \u201esozialen Netzwerke\u201c betriebenen Seiten leisten, kann die Organisation nicht die Einhaltung der jeweils geltenden Datenschutzgesetze gew\u00e4hrleisten und verweist die Nutzer auf die jeweiligen Datenschutzrichtlinien der sozialen Netzwerke. F\u00fcr Inhalte, die auf den von CITOLAB LABORATORIO CITODIAGN\u00d3STICO, S.L. genutzten sozialen Netzwerken ver\u00f6ffentlicht werden, werden die Nutzer auf die zuvor genannten Regeln hingewiesen.<\/p>\n<p><b>Kontaktdaten des Datenschutzbeauftragten: ANTONIO URBANO CARRILLO<\/b><\/p>\n<p>&nbsp;<\/p>\n","protected":false},"excerpt":{"rendered":"<p>Wer wir sind Bei CITOLAB LABORATORIO CITODIAGN\u00d3STICO, S.L. haben wir unsere Datenschutzerkl\u00e4rung aktualisiert, damit sie der neuen Regulierung sowohl auf europ\u00e4ischer (Verordnung 2016\/679) als auch nationaler Ebene (L.O. 3\/2018) entspricht. Unsere Kontaktdaten als Verantwortliche f\u00fcr die Verarbeitung der \u00fcber unsere Website und unsere Profile in sozialen Netzwerken erhobenen Daten sind wie folgt: Firmierung: CITOLAB LABORATORIO [&hellip;]<\/p>\n","protected":false},"author":1,"featured_media":0,"parent":0,"menu_order":23,"comment_status":"closed","ping_status":"closed","template":"page-templates\/txt-legal.php","meta":{"_acf_changed":false,"inline_featured_image":false,"_themeisle_gutenberg_block_has_review":false,"footnotes":""},"class_list":["post-1261","page","type-page","status-publish","hentry"],"acf":[],"yoast_head":"<!-- This site is optimized with the Yoast SEO plugin v27.3 - https:\/\/yoast.com\/product\/yoast-seo-wordpress\/ -->\n<title>Datenschutzrichtlinie - Nuuma genetics<\/title>\n<meta name=\"robots\" content=\"noindex, follow, max-snippet:-1, max-image-preview:large, max-video-preview:-1\" \/>\n<meta property=\"og:locale\" content=\"de_DE\" \/>\n<meta property=\"og:type\" content=\"article\" \/>\n<meta property=\"og:title\" content=\"Datenschutzrichtlinie - Nuuma genetics\" \/>\n<meta property=\"og:description\" content=\"Wer wir sind Bei CITOLAB LABORATORIO CITODIAGN\u00d3STICO, S.L. haben wir unsere Datenschutzerkl\u00e4rung aktualisiert, damit sie der neuen Regulierung sowohl auf europ\u00e4ischer (Verordnung 2016\/679) als auch nationaler Ebene (L.O. 3\/2018) entspricht. Unsere Kontaktdaten als Verantwortliche f\u00fcr die Verarbeitung der \u00fcber unsere Website und unsere Profile in sozialen Netzwerken erhobenen Daten sind wie folgt: Firmierung: CITOLAB LABORATORIO [&hellip;]\" \/>\n<meta property=\"og:url\" content=\"https:\/\/nuumagenetics.com\/de\/datenschutzrichtlinie\/\" \/>\n<meta property=\"og:site_name\" content=\"Nuuma genetics\" \/>\n<meta property=\"article:modified_time\" content=\"2025-01-13T13:23:53+00:00\" \/>\n<meta name=\"twitter:card\" content=\"summary_large_image\" \/>\n<meta name=\"twitter:label1\" content=\"Gesch\u00e4tzte Lesezeit\" \/>\n\t<meta name=\"twitter:data1\" content=\"12\u00a0Minuten\" \/>\n<script type=\"application\/ld+json\" class=\"yoast-schema-graph\">{\"@context\":\"https:\\\/\\\/schema.org\",\"@graph\":[{\"@type\":\"WebPage\",\"@id\":\"https:\\\/\\\/nuumagenetics.com\\\/de\\\/datenschutzrichtlinie\\\/\",\"url\":\"https:\\\/\\\/nuumagenetics.com\\\/de\\\/datenschutzrichtlinie\\\/\",\"name\":\"Datenschutzrichtlinie - Nuuma genetics\",\"isPartOf\":{\"@id\":\"https:\\\/\\\/nuumagenetics.com\\\/de\\\/#website\"},\"datePublished\":\"2023-03-10T11:27:24+00:00\",\"dateModified\":\"2025-01-13T13:23:53+00:00\",\"breadcrumb\":{\"@id\":\"https:\\\/\\\/nuumagenetics.com\\\/de\\\/datenschutzrichtlinie\\\/#breadcrumb\"},\"inLanguage\":\"de\",\"potentialAction\":[{\"@type\":\"ReadAction\",\"target\":[\"https:\\\/\\\/nuumagenetics.com\\\/de\\\/datenschutzrichtlinie\\\/\"]}]},{\"@type\":\"BreadcrumbList\",\"@id\":\"https:\\\/\\\/nuumagenetics.com\\\/de\\\/datenschutzrichtlinie\\\/#breadcrumb\",\"itemListElement\":[{\"@type\":\"ListItem\",\"position\":1,\"name\":\"Portada\",\"item\":\"https:\\\/\\\/nuumagenetics.com\\\/de\\\/\"},{\"@type\":\"ListItem\",\"position\":2,\"name\":\"Datenschutzrichtlinie\"}]},{\"@type\":\"WebSite\",\"@id\":\"https:\\\/\\\/nuumagenetics.com\\\/de\\\/#website\",\"url\":\"https:\\\/\\\/nuumagenetics.com\\\/de\\\/\",\"name\":\"Nuuma genetics\",\"description\":\"\",\"potentialAction\":[{\"@type\":\"SearchAction\",\"target\":{\"@type\":\"EntryPoint\",\"urlTemplate\":\"https:\\\/\\\/nuumagenetics.com\\\/de\\\/?s={search_term_string}\"},\"query-input\":{\"@type\":\"PropertyValueSpecification\",\"valueRequired\":true,\"valueName\":\"search_term_string\"}}],\"inLanguage\":\"de\"}]}<\/script>\n<!-- \/ Yoast SEO plugin. -->","yoast_head_json":{"title":"Datenschutzrichtlinie - Nuuma genetics","robots":{"index":"noindex","follow":"follow","max-snippet":"max-snippet:-1","max-image-preview":"max-image-preview:large","max-video-preview":"max-video-preview:-1"},"og_locale":"de_DE","og_type":"article","og_title":"Datenschutzrichtlinie - Nuuma genetics","og_description":"Wer wir sind Bei CITOLAB LABORATORIO CITODIAGN\u00d3STICO, S.L. haben wir unsere Datenschutzerkl\u00e4rung aktualisiert, damit sie der neuen Regulierung sowohl auf europ\u00e4ischer (Verordnung 2016\/679) als auch nationaler Ebene (L.O. 3\/2018) entspricht. Unsere Kontaktdaten als Verantwortliche f\u00fcr die Verarbeitung der \u00fcber unsere Website und unsere Profile in sozialen Netzwerken erhobenen Daten sind wie folgt: Firmierung: CITOLAB LABORATORIO [&hellip;]","og_url":"https:\/\/nuumagenetics.com\/de\/datenschutzrichtlinie\/","og_site_name":"Nuuma genetics","article_modified_time":"2025-01-13T13:23:53+00:00","twitter_card":"summary_large_image","twitter_misc":{"Gesch\u00e4tzte Lesezeit":"12\u00a0Minuten"},"schema":{"@context":"https:\/\/schema.org","@graph":[{"@type":"WebPage","@id":"https:\/\/nuumagenetics.com\/de\/datenschutzrichtlinie\/","url":"https:\/\/nuumagenetics.com\/de\/datenschutzrichtlinie\/","name":"Datenschutzrichtlinie - Nuuma genetics","isPartOf":{"@id":"https:\/\/nuumagenetics.com\/de\/#website"},"datePublished":"2023-03-10T11:27:24+00:00","dateModified":"2025-01-13T13:23:53+00:00","breadcrumb":{"@id":"https:\/\/nuumagenetics.com\/de\/datenschutzrichtlinie\/#breadcrumb"},"inLanguage":"de","potentialAction":[{"@type":"ReadAction","target":["https:\/\/nuumagenetics.com\/de\/datenschutzrichtlinie\/"]}]},{"@type":"BreadcrumbList","@id":"https:\/\/nuumagenetics.com\/de\/datenschutzrichtlinie\/#breadcrumb","itemListElement":[{"@type":"ListItem","position":1,"name":"Portada","item":"https:\/\/nuumagenetics.com\/de\/"},{"@type":"ListItem","position":2,"name":"Datenschutzrichtlinie"}]},{"@type":"WebSite","@id":"https:\/\/nuumagenetics.com\/de\/#website","url":"https:\/\/nuumagenetics.com\/de\/","name":"Nuuma genetics","description":"","potentialAction":[{"@type":"SearchAction","target":{"@type":"EntryPoint","urlTemplate":"https:\/\/nuumagenetics.com\/de\/?s={search_term_string}"},"query-input":{"@type":"PropertyValueSpecification","valueRequired":true,"valueName":"search_term_string"}}],"inLanguage":"de"}]}},"_links":{"self":[{"href":"https:\/\/nuumagenetics.com\/de\/wp-json\/wp\/v2\/pages\/1261","targetHints":{"allow":["GET"]}}],"collection":[{"href":"https:\/\/nuumagenetics.com\/de\/wp-json\/wp\/v2\/pages"}],"about":[{"href":"https:\/\/nuumagenetics.com\/de\/wp-json\/wp\/v2\/types\/page"}],"author":[{"embeddable":true,"href":"https:\/\/nuumagenetics.com\/de\/wp-json\/wp\/v2\/users\/1"}],"replies":[{"embeddable":true,"href":"https:\/\/nuumagenetics.com\/de\/wp-json\/wp\/v2\/comments?post=1261"}],"version-history":[{"count":4,"href":"https:\/\/nuumagenetics.com\/de\/wp-json\/wp\/v2\/pages\/1261\/revisions"}],"predecessor-version":[{"id":1368,"href":"https:\/\/nuumagenetics.com\/de\/wp-json\/wp\/v2\/pages\/1261\/revisions\/1368"}],"wp:attachment":[{"href":"https:\/\/nuumagenetics.com\/de\/wp-json\/wp\/v2\/media?parent=1261"}],"curies":[{"name":"wp","href":"https:\/\/api.w.org\/{rel}","templated":true}]}}