{"id":1263,"date":"2023-04-13T09:22:03","date_gmt":"2023-04-13T09:22:03","guid":{"rendered":"https:\/\/nuumagenetics.com\/?page_id=18"},"modified":"2025-01-13T14:28:45","modified_gmt":"2025-01-13T13:28:45","slug":"rechtliche-hinweise","status":"publish","type":"page","link":"https:\/\/nuumagenetics.com\/de\/rechtliche-hinweise\/","title":{"rendered":"Rechtliche Hinweise"},"content":{"rendered":"<p><strong><b>Inkrafttreten: 20. Mai 2024<\/b><\/strong><\/p>\n<h2>1. <b>ALLGEMEINE NUTZUNGSBEDINGUNGEN DER WEBSITE<\/b><\/h2>\n<ul>\n<li aria-level=\"1\">Die Nutzung dieser Website unterliegt der uneingeschr\u00e4nkten Zustimmung des Nutzers zu diesen Allgemeinen Nutzungsbedingungen oder den jeweils geltenden Bedingungen, die zum Zeitpunkt des Zugriffs des Nutzers auf die Website in Kraft sind.<\/li>\n<li aria-level=\"1\">Der Zugriff auf diese Website sowie ihre Nutzung ist ausschlie\u00dflich zu rechtm\u00e4\u00dfigen Zwecken gestattet und muss jederzeit den Allgemeinen Nutzungs- und Kaufbedingungen, den jeweils geltenden Gesetzen, der Moral, den guten Sitten und der \u00f6ffentlichen Ordnung entsprechen. Das Unternehmen beh\u00e4lt sich das Recht vor, jedem Nutzer den Zugang zu dieser Website ohne vorherige Ank\u00fcndigung zu entziehen, wenn er gegen diese rechtlichen Hinweise verst\u00f6\u00dft, sowie den zust\u00e4ndigen Beh\u00f6rden Aktivit\u00e4ten zu melden, die als Straftaten angesehen werden k\u00f6nnten.<\/li>\n<li aria-level=\"1\">Das Unternehmen beh\u00e4lt sich das einseitige Recht vor, diese Allgemeinen Nutzungsbedingungen sowie alle weiteren allgemeinen oder spezifischen Bedingungen seiner Website jederzeit zu \u00e4ndern. Es beh\u00e4lt sich ebenfalls das Recht vor, jederzeit das Layout, die Struktur und den Standort der Website sowie deren Inhalte und die Nutzungsanforderungen zu \u00e4ndern.<\/li>\n<li aria-level=\"1\">Der Nutzer erkennt an, dass der Zugriff auf diese Website auf eigene Verantwortung und freiwilliger Basis erfolgt.<\/li>\n<li aria-level=\"1\"><b>CITOLAB LABORATORIO CITODIAGN\u00d3STICO, S.L.<\/b>, Eigent\u00fcmer dieser Website und der Marke <b>NUUMA GENETICS<\/b>, beh\u00e4lt sich das Recht vor, jegliche Nutzung zu melden, die gegen seine Interessen oder Rechte verst\u00f6\u00dft oder strafrechtlich relevant sein k\u00f6nnte.<\/li>\n<li aria-level=\"1\"><b>CITOLAB LABORATORIO CITODIAGN\u00d3STICO, S.L.<\/b> beh\u00e4lt sich das Recht vor, diesen Webdienst jederzeit mit einer Frist von 15 Tagen einzustellen.<\/li>\n<\/ul>\n<p>&nbsp;<\/p>\n<h2>2.<b>\u00a0HAFTUNGSAUSSCHLUSS<\/b><\/h2>\n<ul>\n<li aria-level=\"1\"><b>CITOLAB LABORATORIO CITODIAGN\u00d3STICO, S.L.<\/b> kann die dauerhafte Verf\u00fcgbarkeit der Dienste auf dieser Website nicht garantieren und haftet nicht f\u00fcr Sch\u00e4den, die durch die Nutzung der auf dieser Website enthaltenen Informationen entstehen k\u00f6nnen, unabh\u00e4ngig von ihrer Art.<\/li>\n<li aria-level=\"1\">Im Falle eines Hackerangriffs \u00fcbernimmt <b>CITOLAB LABORATORIO CITODIAGN\u00d3STICO, S.L.<\/b> keine Verantwortung f\u00fcr Fehler in den bereitgestellten Informationen oder f\u00fcr Sch\u00e4den, die durch die Nutzung solcher fehlerhaften Informationen entstehen.<\/li>\n<li aria-level=\"1\">Die Inhalte dieser Website dienen ausschlie\u00dflich Informationszwecken. F\u00fcr detailliertere Informationen k\u00f6nnen Sie sich per E-Mail an <b>info@nuumagenetics.com<\/b> wenden.<\/li>\n<\/ul>\n<p>&nbsp;<\/p>\n<h2>3.<b>\u00a0RECHTE AN GEISTIGEM UND GEWERBLICHEM EIGENTUM<\/b><\/h2>\n<ul>\n<li aria-level=\"1\">Das geistige und gewerbliche Eigentum an allen Logos, Emblemen oder anderen Designelementen dieser Website geh\u00f6rt ausschlie\u00dflich <b>CITOLAB LABORATORIO CITODIAGN\u00d3STICO, S.L.<\/b>. Der Nutzer erkennt diese Rechte an. Elemente der Website, die nicht dem geistigen oder gewerblichen Eigentum von <b>CITOLAB LABORATORIO CITODIAGN\u00d3STICO, S.L.<\/b> unterliegen, werden mit der entsprechenden Genehmigung verwendet.<\/li>\n<li aria-level=\"1\">Die vollst\u00e4ndige oder teilweise Vervielf\u00e4ltigung, \u00dcbertragung oder Speicherung der Inhalte dieser Website in einem Abrufsystem ist untersagt, sofern keine vorherige schriftliche Genehmigung von <b>CITOLAB LABORATORIO CITODIAGN\u00d3STICO, S.L.<\/b> vorliegt.<\/li>\n<li aria-level=\"1\">Es ist untersagt, Urheberrechte von <b>CITOLAB LABORATORIO CITODIAGN\u00d3STICO, S.L.<\/b> zu umgehen oder zu versuchen, Schutzsysteme der Inhalte zu umgehen. Das Zitatrecht ist zul\u00e4ssig, sofern die Quelle angegeben wird.<\/li>\n<li aria-level=\"1\">Jede Verletzung der geistigen oder gewerblichen Eigentumsrechte dieser Website wird rechtlich verfolgt.<\/li>\n<\/ul>\n<p>&nbsp;<\/p>\n<h2>4.<b>ANWENDBARES RECHT<\/b><\/h2>\n<ul>\n<li aria-level=\"1\"><b>CITOLAB LABORATORIO CITODIAGN\u00d3STICO, S.L.<\/b> informiert, dass diese Website in Spanien gehostet wird, wo die Dienste angeboten werden. Daher ist die spanische Gesetzgebung sowie internationale Abkommen, die Spanien unterzeichnet hat, die einzige anwendbare Rechtsgrundlage f\u00fcr die Auslegung dieser Bedingungen.<\/li>\n<li aria-level=\"1\">Mit der Annahme dieser Allgemeinen Bedingungen unterwirft sich der Nutzer der Gerichtsbarkeit der Gerichte von Alicante zur Beilegung jeglicher Streitigkeiten im Zusammenhang mit dem vorstehenden Punkt.<\/li>\n<li aria-level=\"1\">Wird der Nutzer als \u201eVerbraucher\u201c eingestuft, findet die entsprechende Verbraucherschutzgesetzgebung Anwendung, einschlie\u00dflich der M\u00f6glichkeit der Wahl des Gerichtsstands.<\/li>\n<\/ul>\n<p>&nbsp;<\/p>\n<h2>5. <b>KONTAKT<\/b><\/h2>\n<p>Bei Fragen zu den beschriebenen Nutzungsbedingungen k\u00f6nnen Sie sich wie folgt an uns wenden:<\/p>\n<ul>\n<li aria-level=\"1\">Per E-Mail: <b>info@nuumagenetics.com<\/b><\/li>\n<\/ul>\n<p><b><\/b>Schriftlich: <b>CITOLAB LABORATORIO CITODIAGN\u00d3STICO, S.L., Avda. de Denia 76, 03016, Alicante, Spanien<\/b><\/p>\n<p>&nbsp;<\/p>\n<p>&nbsp;<\/p>\n<h2>ANBIETERANGABEN<\/h2>\n<ul>\n<li aria-level=\"1\"><b>CITOLAB LABORATORIO CITODIAGN\u00d3STICO, S.L.<\/b><\/li>\n<li style=\"list-style-type: none;\">\n<li aria-level=\"1\">USt-IdNr.: <b>B-53238026<\/b><\/li>\n<li aria-level=\"1\">Adresse: <b>Avda. de Denia 76, 03016, Alicante<\/b><\/li>\n<li aria-level=\"1\">E-Mail: <b>info@nuumagenetics.com<\/b><\/li>\n<li aria-level=\"1\">Handelsregisterdaten: Band 2071, Buch 0, Blatt 15, Abschnitt 8, Seite A-45471, Eintrag 1.<\/li>\n<li>Gesundheitsregister der Region Valencia: <b>Nr. 11281<\/b>, registriert auf <b>CLINICA VISTAHERMOSA GRUPO HLA, SLU<\/b><\/li>\n<\/ul>\n<p>&nbsp;<\/p>\n","protected":false},"excerpt":{"rendered":"<p>Inkrafttreten: 20. Mai 2024 1. ALLGEMEINE NUTZUNGSBEDINGUNGEN DER WEBSITE Die Nutzung dieser Website unterliegt der uneingeschr\u00e4nkten Zustimmung des Nutzers zu diesen Allgemeinen Nutzungsbedingungen oder den jeweils geltenden Bedingungen, die zum Zeitpunkt des Zugriffs des Nutzers auf die Website in Kraft sind. Der Zugriff auf diese Website sowie ihre Nutzung ist ausschlie\u00dflich zu rechtm\u00e4\u00dfigen Zwecken gestattet [&hellip;]<\/p>\n","protected":false},"author":1,"featured_media":0,"parent":0,"menu_order":1,"comment_status":"closed","ping_status":"closed","template":"page-templates\/txt-legal.php","meta":{"_acf_changed":false,"inline_featured_image":false,"_themeisle_gutenberg_block_has_review":false,"footnotes":""},"class_list":["post-1263","page","type-page","status-publish","hentry"],"acf":[],"yoast_head":"<!-- This site is optimized with the Yoast SEO plugin v27.3 - https:\/\/yoast.com\/product\/yoast-seo-wordpress\/ -->\n<title>Rechtliche Hinweise - Nuuma genetics<\/title>\n<meta name=\"robots\" content=\"noindex, follow, max-snippet:-1, max-image-preview:large, max-video-preview:-1\" \/>\n<meta property=\"og:locale\" content=\"de_DE\" \/>\n<meta property=\"og:type\" content=\"article\" \/>\n<meta property=\"og:title\" content=\"Rechtliche Hinweise - Nuuma genetics\" \/>\n<meta property=\"og:description\" content=\"Inkrafttreten: 20. Mai 2024 1. ALLGEMEINE NUTZUNGSBEDINGUNGEN DER WEBSITE Die Nutzung dieser Website unterliegt der uneingeschr\u00e4nkten Zustimmung des Nutzers zu diesen Allgemeinen Nutzungsbedingungen oder den jeweils geltenden Bedingungen, die zum Zeitpunkt des Zugriffs des Nutzers auf die Website in Kraft sind. Der Zugriff auf diese Website sowie ihre Nutzung ist ausschlie\u00dflich zu rechtm\u00e4\u00dfigen Zwecken gestattet [&hellip;]\" \/>\n<meta property=\"og:url\" content=\"https:\/\/nuumagenetics.com\/de\/rechtliche-hinweise\/\" \/>\n<meta property=\"og:site_name\" content=\"Nuuma genetics\" \/>\n<meta property=\"article:modified_time\" content=\"2025-01-13T13:28:45+00:00\" \/>\n<meta name=\"twitter:card\" content=\"summary_large_image\" \/>\n<meta name=\"twitter:label1\" content=\"Gesch\u00e4tzte Lesezeit\" \/>\n\t<meta name=\"twitter:data1\" content=\"4\u00a0Minuten\" \/>\n<script type=\"application\/ld+json\" class=\"yoast-schema-graph\">{\"@context\":\"https:\\\/\\\/schema.org\",\"@graph\":[{\"@type\":\"WebPage\",\"@id\":\"https:\\\/\\\/nuumagenetics.com\\\/de\\\/rechtliche-hinweise\\\/\",\"url\":\"https:\\\/\\\/nuumagenetics.com\\\/de\\\/rechtliche-hinweise\\\/\",\"name\":\"Rechtliche Hinweise - Nuuma genetics\",\"isPartOf\":{\"@id\":\"https:\\\/\\\/nuumagenetics.com\\\/de\\\/#website\"},\"datePublished\":\"2023-04-13T09:22:03+00:00\",\"dateModified\":\"2025-01-13T13:28:45+00:00\",\"breadcrumb\":{\"@id\":\"https:\\\/\\\/nuumagenetics.com\\\/de\\\/rechtliche-hinweise\\\/#breadcrumb\"},\"inLanguage\":\"de\",\"potentialAction\":[{\"@type\":\"ReadAction\",\"target\":[\"https:\\\/\\\/nuumagenetics.com\\\/de\\\/rechtliche-hinweise\\\/\"]}]},{\"@type\":\"BreadcrumbList\",\"@id\":\"https:\\\/\\\/nuumagenetics.com\\\/de\\\/rechtliche-hinweise\\\/#breadcrumb\",\"itemListElement\":[{\"@type\":\"ListItem\",\"position\":1,\"name\":\"Portada\",\"item\":\"https:\\\/\\\/nuumagenetics.com\\\/de\\\/\"},{\"@type\":\"ListItem\",\"position\":2,\"name\":\"Rechtliche Hinweise\"}]},{\"@type\":\"WebSite\",\"@id\":\"https:\\\/\\\/nuumagenetics.com\\\/de\\\/#website\",\"url\":\"https:\\\/\\\/nuumagenetics.com\\\/de\\\/\",\"name\":\"Nuuma genetics\",\"description\":\"\",\"potentialAction\":[{\"@type\":\"SearchAction\",\"target\":{\"@type\":\"EntryPoint\",\"urlTemplate\":\"https:\\\/\\\/nuumagenetics.com\\\/de\\\/?s={search_term_string}\"},\"query-input\":{\"@type\":\"PropertyValueSpecification\",\"valueRequired\":true,\"valueName\":\"search_term_string\"}}],\"inLanguage\":\"de\"}]}<\/script>\n<!-- \/ Yoast SEO plugin. -->","yoast_head_json":{"title":"Rechtliche Hinweise - Nuuma genetics","robots":{"index":"noindex","follow":"follow","max-snippet":"max-snippet:-1","max-image-preview":"max-image-preview:large","max-video-preview":"max-video-preview:-1"},"og_locale":"de_DE","og_type":"article","og_title":"Rechtliche Hinweise - Nuuma genetics","og_description":"Inkrafttreten: 20. Mai 2024 1. ALLGEMEINE NUTZUNGSBEDINGUNGEN DER WEBSITE Die Nutzung dieser Website unterliegt der uneingeschr\u00e4nkten Zustimmung des Nutzers zu diesen Allgemeinen Nutzungsbedingungen oder den jeweils geltenden Bedingungen, die zum Zeitpunkt des Zugriffs des Nutzers auf die Website in Kraft sind. Der Zugriff auf diese Website sowie ihre Nutzung ist ausschlie\u00dflich zu rechtm\u00e4\u00dfigen Zwecken gestattet [&hellip;]","og_url":"https:\/\/nuumagenetics.com\/de\/rechtliche-hinweise\/","og_site_name":"Nuuma genetics","article_modified_time":"2025-01-13T13:28:45+00:00","twitter_card":"summary_large_image","twitter_misc":{"Gesch\u00e4tzte Lesezeit":"4\u00a0Minuten"},"schema":{"@context":"https:\/\/schema.org","@graph":[{"@type":"WebPage","@id":"https:\/\/nuumagenetics.com\/de\/rechtliche-hinweise\/","url":"https:\/\/nuumagenetics.com\/de\/rechtliche-hinweise\/","name":"Rechtliche Hinweise - Nuuma genetics","isPartOf":{"@id":"https:\/\/nuumagenetics.com\/de\/#website"},"datePublished":"2023-04-13T09:22:03+00:00","dateModified":"2025-01-13T13:28:45+00:00","breadcrumb":{"@id":"https:\/\/nuumagenetics.com\/de\/rechtliche-hinweise\/#breadcrumb"},"inLanguage":"de","potentialAction":[{"@type":"ReadAction","target":["https:\/\/nuumagenetics.com\/de\/rechtliche-hinweise\/"]}]},{"@type":"BreadcrumbList","@id":"https:\/\/nuumagenetics.com\/de\/rechtliche-hinweise\/#breadcrumb","itemListElement":[{"@type":"ListItem","position":1,"name":"Portada","item":"https:\/\/nuumagenetics.com\/de\/"},{"@type":"ListItem","position":2,"name":"Rechtliche Hinweise"}]},{"@type":"WebSite","@id":"https:\/\/nuumagenetics.com\/de\/#website","url":"https:\/\/nuumagenetics.com\/de\/","name":"Nuuma genetics","description":"","potentialAction":[{"@type":"SearchAction","target":{"@type":"EntryPoint","urlTemplate":"https:\/\/nuumagenetics.com\/de\/?s={search_term_string}"},"query-input":{"@type":"PropertyValueSpecification","valueRequired":true,"valueName":"search_term_string"}}],"inLanguage":"de"}]}},"_links":{"self":[{"href":"https:\/\/nuumagenetics.com\/de\/wp-json\/wp\/v2\/pages\/1263","targetHints":{"allow":["GET"]}}],"collection":[{"href":"https:\/\/nuumagenetics.com\/de\/wp-json\/wp\/v2\/pages"}],"about":[{"href":"https:\/\/nuumagenetics.com\/de\/wp-json\/wp\/v2\/types\/page"}],"author":[{"embeddable":true,"href":"https:\/\/nuumagenetics.com\/de\/wp-json\/wp\/v2\/users\/1"}],"replies":[{"embeddable":true,"href":"https:\/\/nuumagenetics.com\/de\/wp-json\/wp\/v2\/comments?post=1263"}],"version-history":[{"count":5,"href":"https:\/\/nuumagenetics.com\/de\/wp-json\/wp\/v2\/pages\/1263\/revisions"}],"predecessor-version":[{"id":1371,"href":"https:\/\/nuumagenetics.com\/de\/wp-json\/wp\/v2\/pages\/1263\/revisions\/1371"}],"wp:attachment":[{"href":"https:\/\/nuumagenetics.com\/de\/wp-json\/wp\/v2\/media?parent=1263"}],"curies":[{"name":"wp","href":"https:\/\/api.w.org\/{rel}","templated":true}]}}