{"id":3,"date":"2023-03-10T11:27:24","date_gmt":"2023-03-10T11:27:24","guid":{"rendered":"http:\/\/nuumagenetics.com\/?page_id=3"},"modified":"2023-06-26T09:00:15","modified_gmt":"2023-06-26T07:00:15","slug":"privacy-policy","status":"publish","type":"page","link":"https:\/\/nuumagenetics.com\/en\/privacy-policy\/","title":{"rendered":"Privacy Policy"},"content":{"rendered":"<h3>The collection of personal data<\/h3>\n<p>In accordance with the provisions of Articles 5 and 6 of Law 15\/1999 of December 13 governing the Protection of Personal Data, we hereby inform you that by voluntarily providing your personal data through any form on this website, or email message, and accepting its delivery, you expressly authorize nuumagenetics.com to process it or incorporate it into a file that it owns.<\/p>\n<p>The collection and processing of personal data you provide is intended to contact you to respond to your request. Also, nuumagenetics.com may process the data to send commercial and\/or advertising information, by various means, including electronic, about the company, its products and services.<\/p>\n<p>The data provided by you in the fields marked with * are mandatory in order to fulfill the purposes stated. Otherwise, nuumagenetics.com will not be able to accept and manage the relationship established.<\/p>\n<p>You guarantee that the data provided are true, accurate, complete and updated, standing responsible for any loss or damage, direct or indirect, that may arise as a result of a breach of this obligation. In the event that the data provided belongs to a third party, you guarantee that you have informed the third party of the aspects contained in this Policy and obtained their authorization to provide their data to nuumagenetics.com for the purposes indicated.<\/p>\n<p>nuumagenetics.com is committed to fulfilling its obligation as regards the secrecy of personal data and its duty to protect it and take all technical and organizational measures to ensure the security of personal data, and avoid its alteration, loss, or unauthorized access to it, in accordance with the state of technology, the nature of the data stored, and the risks to which it is exposed, all in accordance with the provisions of Spanish Royal Decree 1720\/2007.<\/p>\n<p>&nbsp;<\/p>\n<h3>Data access, objection, rectification and cancellation rights<\/h3>\n<p>You have the right to access the information concerning you, rectify it, if it is incorrect; cancel it, or object to its processing, by sending an e-mail to<a href=\"mailto:info@nuumagenetics.com\"> info@nuumagenetics.com<\/a> or a written communication addressed to:<\/p>\n<p><strong>nuumagenetics.com<\/strong><\/p>\n<p>Avda. de D\u00e9nia, 76, 03016 &#8211; Alicante<\/p>\n<p>&nbsp;<\/p>\n<h3>Newsletter and similar communications<\/h3>\n<p>nuumagenetics.com uses, for these purposes, both data obtained through this website as well as other databases and publicly accessible sources, always taking into consideration the requirements of current legislation.<\/p>\n","protected":false},"excerpt":{"rendered":"<p>The collection of personal data In accordance with the provisions of Articles 5 and 6 of Law 15\/1999 of December 13 governing the Protection of Personal Data, we hereby inform you that by voluntarily providing your personal data through any form on this website, or email message, and accepting its delivery, you expressly authorize nuumagenetics.com [&hellip;]<\/p>\n","protected":false},"author":2,"featured_media":0,"parent":0,"menu_order":15,"comment_status":"closed","ping_status":"closed","template":"page-templates\/txt-legal.php","meta":{"_acf_changed":false,"inline_featured_image":false,"_themeisle_gutenberg_block_has_review":false,"footnotes":""},"class_list":["post-3","page","type-page","status-publish","hentry"],"acf":[],"yoast_head":"<!-- This site is optimized with the Yoast SEO plugin v27.3 - https:\/\/yoast.com\/product\/yoast-seo-wordpress\/ -->\n<title>Privacy Policy &#8226; Nuuma Genetics English<\/title>\n<meta name=\"robots\" content=\"index, follow, max-snippet:-1, max-image-preview:large, max-video-preview:-1\" \/>\n<link rel=\"canonical\" href=\"https:\/\/nuumagenetics.com\/en\/privacy-policy\/\" \/>\n<meta property=\"og:locale\" content=\"en_GB\" \/>\n<meta property=\"og:type\" content=\"article\" \/>\n<meta property=\"og:title\" content=\"Privacy Policy &#8226; Nuuma Genetics English\" \/>\n<meta property=\"og:description\" content=\"The collection of personal data In accordance with the provisions of Articles 5 and 6 of Law 15\/1999 of December 13 governing the Protection of Personal Data, we hereby inform you that by voluntarily providing your personal data through any form on this website, or email message, and accepting its delivery, you expressly authorize nuumagenetics.com [&hellip;]\" \/>\n<meta property=\"og:url\" content=\"https:\/\/nuumagenetics.com\/en\/privacy-policy\/\" \/>\n<meta property=\"og:site_name\" content=\"Nuuma Genetics English\" \/>\n<meta property=\"article:modified_time\" content=\"2023-06-26T07:00:15+00:00\" \/>\n<meta property=\"og:image\" content=\"https:\/\/nuumagenetics.com\/en\/wp-content\/uploads\/sites\/2\/2023\/05\/bg_banner.jpg\" \/>\n\t<meta property=\"og:image:width\" content=\"1620\" \/>\n\t<meta property=\"og:image:height\" content=\"872\" \/>\n\t<meta property=\"og:image:type\" content=\"image\/jpeg\" \/>\n<meta name=\"twitter:card\" content=\"summary_large_image\" \/>\n<meta name=\"twitter:label1\" content=\"Estimated reading time\" \/>\n\t<meta name=\"twitter:data1\" content=\"2 minutes\" \/>\n<script type=\"application\/ld+json\" class=\"yoast-schema-graph\">{\"@context\":\"https:\\\/\\\/schema.org\",\"@graph\":[{\"@type\":\"WebPage\",\"@id\":\"https:\\\/\\\/nuumagenetics.com\\\/en\\\/privacy-policy\\\/\",\"url\":\"https:\\\/\\\/nuumagenetics.com\\\/en\\\/privacy-policy\\\/\",\"name\":\"Privacy Policy &#8226; Nuuma Genetics English\",\"isPartOf\":{\"@id\":\"https:\\\/\\\/nuumagenetics.com\\\/en\\\/#website\"},\"datePublished\":\"2023-03-10T11:27:24+00:00\",\"dateModified\":\"2023-06-26T07:00:15+00:00\",\"breadcrumb\":{\"@id\":\"https:\\\/\\\/nuumagenetics.com\\\/en\\\/privacy-policy\\\/#breadcrumb\"},\"inLanguage\":\"en-GB\",\"potentialAction\":[{\"@type\":\"ReadAction\",\"target\":[\"https:\\\/\\\/nuumagenetics.com\\\/en\\\/privacy-policy\\\/\"]}]},{\"@type\":\"BreadcrumbList\",\"@id\":\"https:\\\/\\\/nuumagenetics.com\\\/en\\\/privacy-policy\\\/#breadcrumb\",\"itemListElement\":[{\"@type\":\"ListItem\",\"position\":1,\"name\":\"Portada\",\"item\":\"https:\\\/\\\/nuumagenetics.com\\\/en\\\/\"},{\"@type\":\"ListItem\",\"position\":2,\"name\":\"Privacy Policy\"}]},{\"@type\":\"WebSite\",\"@id\":\"https:\\\/\\\/nuumagenetics.com\\\/en\\\/#website\",\"url\":\"https:\\\/\\\/nuumagenetics.com\\\/en\\\/\",\"name\":\"Nuuma genetics\",\"description\":\"Somos un laboratorio de gen\u00e9tica donde proporcionamos un servicio integral, que abarca desde el asesoramiento hasta el diagn\u00f3stico de enfermedades gen\u00e9ticas, facilitando as\u00ed el proceso diagn\u00f3stico m\u00e9dico.\",\"publisher\":{\"@id\":\"https:\\\/\\\/nuumagenetics.com\\\/en\\\/#organization\"},\"alternateName\":\"Nuuma\",\"potentialAction\":[{\"@type\":\"SearchAction\",\"target\":{\"@type\":\"EntryPoint\",\"urlTemplate\":\"https:\\\/\\\/nuumagenetics.com\\\/en\\\/?s={search_term_string}\"},\"query-input\":{\"@type\":\"PropertyValueSpecification\",\"valueRequired\":true,\"valueName\":\"search_term_string\"}}],\"inLanguage\":\"en-GB\"},{\"@type\":\"Organization\",\"@id\":\"https:\\\/\\\/nuumagenetics.com\\\/en\\\/#organization\",\"name\":\"Nuuma genetics\",\"alternateName\":\"Nuuma\",\"url\":\"https:\\\/\\\/nuumagenetics.com\\\/en\\\/\",\"logo\":{\"@type\":\"ImageObject\",\"inLanguage\":\"en-GB\",\"@id\":\"https:\\\/\\\/nuumagenetics.com\\\/en\\\/#\\\/schema\\\/logo\\\/image\\\/\",\"url\":\"https:\\\/\\\/nuumagenetics.com\\\/en\\\/wp-content\\\/uploads\\\/sites\\\/2\\\/2023\\\/05\\\/nuuma-1.svg\",\"contentUrl\":\"https:\\\/\\\/nuumagenetics.com\\\/en\\\/wp-content\\\/uploads\\\/sites\\\/2\\\/2023\\\/05\\\/nuuma-1.svg\",\"width\":\"1024\",\"height\":\"1024\",\"caption\":\"Nuuma genetics\"},\"image\":{\"@id\":\"https:\\\/\\\/nuumagenetics.com\\\/en\\\/#\\\/schema\\\/logo\\\/image\\\/\"}}]}<\/script>\n<!-- \/ Yoast SEO plugin. -->","yoast_head_json":{"title":"Privacy Policy &#8226; Nuuma Genetics English","robots":{"index":"index","follow":"follow","max-snippet":"max-snippet:-1","max-image-preview":"max-image-preview:large","max-video-preview":"max-video-preview:-1"},"canonical":"https:\/\/nuumagenetics.com\/en\/privacy-policy\/","og_locale":"en_GB","og_type":"article","og_title":"Privacy Policy &#8226; Nuuma Genetics English","og_description":"The collection of personal data In accordance with the provisions of Articles 5 and 6 of Law 15\/1999 of December 13 governing the Protection of Personal Data, we hereby inform you that by voluntarily providing your personal data through any form on this website, or email message, and accepting its delivery, you expressly authorize nuumagenetics.com [&hellip;]","og_url":"https:\/\/nuumagenetics.com\/en\/privacy-policy\/","og_site_name":"Nuuma Genetics English","article_modified_time":"2023-06-26T07:00:15+00:00","og_image":[{"width":1620,"height":872,"url":"https:\/\/nuumagenetics.com\/en\/wp-content\/uploads\/sites\/2\/2023\/05\/bg_banner.jpg","type":"image\/jpeg"}],"twitter_card":"summary_large_image","twitter_misc":{"Estimated reading time":"2 minutes"},"schema":{"@context":"https:\/\/schema.org","@graph":[{"@type":"WebPage","@id":"https:\/\/nuumagenetics.com\/en\/privacy-policy\/","url":"https:\/\/nuumagenetics.com\/en\/privacy-policy\/","name":"Privacy Policy &#8226; Nuuma Genetics English","isPartOf":{"@id":"https:\/\/nuumagenetics.com\/en\/#website"},"datePublished":"2023-03-10T11:27:24+00:00","dateModified":"2023-06-26T07:00:15+00:00","breadcrumb":{"@id":"https:\/\/nuumagenetics.com\/en\/privacy-policy\/#breadcrumb"},"inLanguage":"en-GB","potentialAction":[{"@type":"ReadAction","target":["https:\/\/nuumagenetics.com\/en\/privacy-policy\/"]}]},{"@type":"BreadcrumbList","@id":"https:\/\/nuumagenetics.com\/en\/privacy-policy\/#breadcrumb","itemListElement":[{"@type":"ListItem","position":1,"name":"Portada","item":"https:\/\/nuumagenetics.com\/en\/"},{"@type":"ListItem","position":2,"name":"Privacy Policy"}]},{"@type":"WebSite","@id":"https:\/\/nuumagenetics.com\/en\/#website","url":"https:\/\/nuumagenetics.com\/en\/","name":"Nuuma genetics","description":"Somos un laboratorio de gen\u00e9tica donde proporcionamos un servicio integral, que abarca desde el asesoramiento hasta el diagn\u00f3stico de enfermedades gen\u00e9ticas, facilitando as\u00ed el proceso diagn\u00f3stico m\u00e9dico.","publisher":{"@id":"https:\/\/nuumagenetics.com\/en\/#organization"},"alternateName":"Nuuma","potentialAction":[{"@type":"SearchAction","target":{"@type":"EntryPoint","urlTemplate":"https:\/\/nuumagenetics.com\/en\/?s={search_term_string}"},"query-input":{"@type":"PropertyValueSpecification","valueRequired":true,"valueName":"search_term_string"}}],"inLanguage":"en-GB"},{"@type":"Organization","@id":"https:\/\/nuumagenetics.com\/en\/#organization","name":"Nuuma genetics","alternateName":"Nuuma","url":"https:\/\/nuumagenetics.com\/en\/","logo":{"@type":"ImageObject","inLanguage":"en-GB","@id":"https:\/\/nuumagenetics.com\/en\/#\/schema\/logo\/image\/","url":"https:\/\/nuumagenetics.com\/en\/wp-content\/uploads\/sites\/2\/2023\/05\/nuuma-1.svg","contentUrl":"https:\/\/nuumagenetics.com\/en\/wp-content\/uploads\/sites\/2\/2023\/05\/nuuma-1.svg","width":"1024","height":"1024","caption":"Nuuma genetics"},"image":{"@id":"https:\/\/nuumagenetics.com\/en\/#\/schema\/logo\/image\/"}}]}},"_links":{"self":[{"href":"https:\/\/nuumagenetics.com\/en\/wp-json\/wp\/v2\/pages\/3","targetHints":{"allow":["GET"]}}],"collection":[{"href":"https:\/\/nuumagenetics.com\/en\/wp-json\/wp\/v2\/pages"}],"about":[{"href":"https:\/\/nuumagenetics.com\/en\/wp-json\/wp\/v2\/types\/page"}],"author":[{"embeddable":true,"href":"https:\/\/nuumagenetics.com\/en\/wp-json\/wp\/v2\/users\/2"}],"replies":[{"embeddable":true,"href":"https:\/\/nuumagenetics.com\/en\/wp-json\/wp\/v2\/comments?post=3"}],"version-history":[{"count":8,"href":"https:\/\/nuumagenetics.com\/en\/wp-json\/wp\/v2\/pages\/3\/revisions"}],"predecessor-version":[{"id":822,"href":"https:\/\/nuumagenetics.com\/en\/wp-json\/wp\/v2\/pages\/3\/revisions\/822"}],"wp:attachment":[{"href":"https:\/\/nuumagenetics.com\/en\/wp-json\/wp\/v2\/media?parent=3"}],"curies":[{"name":"wp","href":"https:\/\/api.w.org\/{rel}","templated":true}]}}