{"id":573,"date":"2023-04-13T09:22:03","date_gmt":"2023-04-13T09:22:03","guid":{"rendered":"https:\/\/nuumagenetics.com\/?page_id=18"},"modified":"2023-06-26T09:01:36","modified_gmt":"2023-06-26T07:01:36","slug":"legal-notice","status":"publish","type":"page","link":"https:\/\/nuumagenetics.com\/en\/legal-notice\/","title":{"rendered":"Legal Notice"},"content":{"rendered":"<h3>Ownership<\/h3>\n<p>In compliance with the provisions of Spanish Law 34\/2002, of July 11 on Services of the Information Society and Electronic Commerce, it is hereby stipulated that the owner of the website is nuumagenetics.com, with its registered office at: Avda. de D\u00e9nia, 103, 03015 &#8211; Alicante.<\/p>\n<h3>Purpose<\/h3>\n<p>Through this website users are given access to a range of contents and information made available by nuumagenetics.com or third-party service and content providers.<\/p>\n<p>nuumagenetics.com reserves the right to modify, at any time, the presentation, configuration and location of the website, as well as the contents, products and services contained on it.<\/p>\n<p>Access to, navigation and use of the nuumagenetics.com website entails and implies acceptance by the User of these General Conditions. In this regard, \u201cUser\u201d shall mean any person who accesses, browses, uses or participates in the services and activities, free or for-charge, developed on the Website. The purpose of this Legal Notice is to govern access to, navigation and use of the Website, without prejudice to the fact that nuumagenetics.com may establish specific conditions governing the use of services and\/or procurement of specific products offered to Users through the Website.<\/p>\n<h3>Access conditions<\/h3>\n<p>Access to the website is free of charge, though, to use certain services, previous authentication by means of the introduction of a username and password is necessary. When in order to access certain contents, or to use certain services, it is necessary to provide personal data, the users will guarantee its truthfulness, accuracy, authenticity and validity.<\/p>\n<p>nuumagenetics.com will automatically process such data as befits its nature and purpose, in accordance with the conditions and terms indicated in the Privacy Policy section.<\/p>\n<h3>General Terms and Conditions of Use<\/h3>\n<p>The User agrees to make appropriate and lawful use of the website, as well as its contents and services, in accordance with the legislation applicable at all times, this Legal Notice, morality, and generally accepted customs and notions of public order.<\/p>\n<p>The total or partial reproduction of the contents of this website without citing its origin or requesting authorization is prohibited. Access to, browsing and use of the Website is the responsibility of the User. In particular, the User agrees not to:<\/p>\n<p>Reproduce its contents, or copy, distribute, allow public access to through any form of public communication, transform, or modify them; unless authorized by the holder of the corresponding rights, or if this is legally permitted.<\/p>\n<p>Use the contents and, in particular, information of any kind obtained through the Website, to send advertising, communications for direct marketing purposes, or for any other commercial purpose; or unsolicited messages addressed to a number of people regardless of their purpose; or marketing or disclosing such information in any way.<\/p>\n<h3>Statistical data collection<\/h3>\n<p>Solely for the purpose of offering you the best service through this site, and in order to facilitate its use, the number of pages visited, the number of visits, as well as the activity of visitors to the site, and their frequency of use, are analyzed.<\/p>\n<p>For these purposes, statistical data produced by nuumagenetics.com&#8217;s Internet service provider is used. The nuumagenetics.com website may use cookies when a User browses the site.<\/p>\n<p>Cookies are files sent to a browser by a web server to record the User&#8217;s activities on the Website. The cookies used by nuumagenetics.com are only associated with an anonymous User and his or her computer, and do not in themselves provide the User&#8217;s personal data.<\/p>\n<p>When the User permits their reception, they will be able to ascertain the server that uses the cookies, for which they should consult their browser\u2019s usage instructions. The User has the option of configuring the browser so that they are warned, on the screen, of the reception of cookies, and of preventing their installation on their hard disk.<\/p>\n<p>For more information, please see your browser&#8217;s manual. To use the Website, it is not necessary to authorize the installation of cookies sent by the Website\u2019s server.<\/p>\n<h3>Contents, hyperlinks and links<\/h3>\n<p>The contents, organization and placement of interesting links have been selected and coordinated by nuumagenetics.com, and the information found on this website has also been created by nuumagenetics.com.<\/p>\n<p><strong>nuumagenetics.com<\/strong> makes available to Users technical links that allow access to pages and\/or websites belonging to and\/or managed by third parties.<\/p>\n<p><strong>nuumagenetics.com<\/strong> checks the content of these webpages when it provides a link to them, and does so in good faith, confident that their content complies with applicable law. However, in no case does nuumagenetics.com stand responsible for, approve, or endorse the products, services, content, information, data, or files or any kind related to material on these webpages; nor does it supervise, nor is it responsible for; nor does it approve or endorse the successive modifications of these materials.<\/p>\n","protected":false},"excerpt":{"rendered":"<p>Ownership In compliance with the provisions of Spanish Law 34\/2002, of July 11 on Services of the Information Society and Electronic Commerce, it is hereby stipulated that the owner of the website is nuumagenetics.com, with its registered office at: Avda. de D\u00e9nia, 103, 03015 &#8211; Alicante. Purpose Through this website users are given access to [&hellip;]<\/p>\n","protected":false},"author":2,"featured_media":0,"parent":0,"menu_order":8,"comment_status":"closed","ping_status":"closed","template":"page-templates\/txt-legal.php","meta":{"_acf_changed":false,"inline_featured_image":false,"_themeisle_gutenberg_block_has_review":false,"footnotes":""},"class_list":["post-573","page","type-page","status-publish","hentry"],"acf":[],"yoast_head":"<!-- This site is optimized with the Yoast SEO plugin v27.4 - https:\/\/yoast.com\/product\/yoast-seo-wordpress\/ -->\n<title>Legal Notice &#8226; Nuuma Genetics English<\/title>\n<meta name=\"robots\" content=\"index, follow, max-snippet:-1, max-image-preview:large, max-video-preview:-1\" \/>\n<link rel=\"canonical\" href=\"https:\/\/nuumagenetics.com\/en\/legal-notice\/\" \/>\n<meta property=\"og:locale\" content=\"en_GB\" \/>\n<meta property=\"og:type\" content=\"article\" \/>\n<meta property=\"og:title\" content=\"Legal Notice &#8226; Nuuma Genetics English\" \/>\n<meta property=\"og:description\" content=\"Ownership In compliance with the provisions of Spanish Law 34\/2002, of July 11 on Services of the Information Society and Electronic Commerce, it is hereby stipulated that the owner of the website is nuumagenetics.com, with its registered office at: Avda. de D\u00e9nia, 103, 03015 &#8211; Alicante. Purpose Through this website users are given access to [&hellip;]\" \/>\n<meta property=\"og:url\" content=\"https:\/\/nuumagenetics.com\/en\/legal-notice\/\" \/>\n<meta property=\"og:site_name\" content=\"Nuuma Genetics English\" \/>\n<meta property=\"article:modified_time\" content=\"2023-06-26T07:01:36+00:00\" \/>\n<meta property=\"og:image\" content=\"https:\/\/nuumagenetics.com\/en\/wp-content\/uploads\/sites\/2\/2023\/05\/bg_banner.jpg\" \/>\n\t<meta property=\"og:image:width\" content=\"1620\" \/>\n\t<meta property=\"og:image:height\" content=\"872\" \/>\n\t<meta property=\"og:image:type\" content=\"image\/jpeg\" \/>\n<meta name=\"twitter:card\" content=\"summary_large_image\" \/>\n<meta name=\"twitter:label1\" content=\"Estimated reading time\" \/>\n\t<meta name=\"twitter:data1\" content=\"4 minutes\" \/>\n<script type=\"application\/ld+json\" class=\"yoast-schema-graph\">{\"@context\":\"https:\\\/\\\/schema.org\",\"@graph\":[{\"@type\":\"WebPage\",\"@id\":\"https:\\\/\\\/nuumagenetics.com\\\/en\\\/legal-notice\\\/\",\"url\":\"https:\\\/\\\/nuumagenetics.com\\\/en\\\/legal-notice\\\/\",\"name\":\"Legal Notice &#8226; Nuuma Genetics English\",\"isPartOf\":{\"@id\":\"https:\\\/\\\/nuumagenetics.com\\\/en\\\/#website\"},\"datePublished\":\"2023-04-13T09:22:03+00:00\",\"dateModified\":\"2023-06-26T07:01:36+00:00\",\"breadcrumb\":{\"@id\":\"https:\\\/\\\/nuumagenetics.com\\\/en\\\/legal-notice\\\/#breadcrumb\"},\"inLanguage\":\"en-GB\",\"potentialAction\":[{\"@type\":\"ReadAction\",\"target\":[\"https:\\\/\\\/nuumagenetics.com\\\/en\\\/legal-notice\\\/\"]}]},{\"@type\":\"BreadcrumbList\",\"@id\":\"https:\\\/\\\/nuumagenetics.com\\\/en\\\/legal-notice\\\/#breadcrumb\",\"itemListElement\":[{\"@type\":\"ListItem\",\"position\":1,\"name\":\"Portada\",\"item\":\"https:\\\/\\\/nuumagenetics.com\\\/en\\\/\"},{\"@type\":\"ListItem\",\"position\":2,\"name\":\"Legal Notice\"}]},{\"@type\":\"WebSite\",\"@id\":\"https:\\\/\\\/nuumagenetics.com\\\/en\\\/#website\",\"url\":\"https:\\\/\\\/nuumagenetics.com\\\/en\\\/\",\"name\":\"Nuuma genetics\",\"description\":\"Somos un laboratorio de gen\u00e9tica donde proporcionamos un servicio integral, que abarca desde el asesoramiento hasta el diagn\u00f3stico de enfermedades gen\u00e9ticas, facilitando as\u00ed el proceso diagn\u00f3stico m\u00e9dico.\",\"publisher\":{\"@id\":\"https:\\\/\\\/nuumagenetics.com\\\/en\\\/#organization\"},\"alternateName\":\"Nuuma\",\"potentialAction\":[{\"@type\":\"SearchAction\",\"target\":{\"@type\":\"EntryPoint\",\"urlTemplate\":\"https:\\\/\\\/nuumagenetics.com\\\/en\\\/?s={search_term_string}\"},\"query-input\":{\"@type\":\"PropertyValueSpecification\",\"valueRequired\":true,\"valueName\":\"search_term_string\"}}],\"inLanguage\":\"en-GB\"},{\"@type\":\"Organization\",\"@id\":\"https:\\\/\\\/nuumagenetics.com\\\/en\\\/#organization\",\"name\":\"Nuuma genetics\",\"alternateName\":\"Nuuma\",\"url\":\"https:\\\/\\\/nuumagenetics.com\\\/en\\\/\",\"logo\":{\"@type\":\"ImageObject\",\"inLanguage\":\"en-GB\",\"@id\":\"https:\\\/\\\/nuumagenetics.com\\\/en\\\/#\\\/schema\\\/logo\\\/image\\\/\",\"url\":\"https:\\\/\\\/nuumagenetics.com\\\/en\\\/wp-content\\\/uploads\\\/sites\\\/2\\\/2023\\\/05\\\/nuuma-1.svg\",\"contentUrl\":\"https:\\\/\\\/nuumagenetics.com\\\/en\\\/wp-content\\\/uploads\\\/sites\\\/2\\\/2023\\\/05\\\/nuuma-1.svg\",\"width\":\"1024\",\"height\":\"1024\",\"caption\":\"Nuuma genetics\"},\"image\":{\"@id\":\"https:\\\/\\\/nuumagenetics.com\\\/en\\\/#\\\/schema\\\/logo\\\/image\\\/\"}}]}<\/script>\n<!-- \/ Yoast SEO plugin. -->","yoast_head_json":{"title":"Legal Notice &#8226; Nuuma Genetics English","robots":{"index":"index","follow":"follow","max-snippet":"max-snippet:-1","max-image-preview":"max-image-preview:large","max-video-preview":"max-video-preview:-1"},"canonical":"https:\/\/nuumagenetics.com\/en\/legal-notice\/","og_locale":"en_GB","og_type":"article","og_title":"Legal Notice &#8226; Nuuma Genetics English","og_description":"Ownership In compliance with the provisions of Spanish Law 34\/2002, of July 11 on Services of the Information Society and Electronic Commerce, it is hereby stipulated that the owner of the website is nuumagenetics.com, with its registered office at: Avda. de D\u00e9nia, 103, 03015 &#8211; Alicante. Purpose Through this website users are given access to [&hellip;]","og_url":"https:\/\/nuumagenetics.com\/en\/legal-notice\/","og_site_name":"Nuuma Genetics English","article_modified_time":"2023-06-26T07:01:36+00:00","og_image":[{"width":1620,"height":872,"url":"https:\/\/nuumagenetics.com\/en\/wp-content\/uploads\/sites\/2\/2023\/05\/bg_banner.jpg","type":"image\/jpeg"}],"twitter_card":"summary_large_image","twitter_misc":{"Estimated reading time":"4 minutes"},"schema":{"@context":"https:\/\/schema.org","@graph":[{"@type":"WebPage","@id":"https:\/\/nuumagenetics.com\/en\/legal-notice\/","url":"https:\/\/nuumagenetics.com\/en\/legal-notice\/","name":"Legal Notice &#8226; Nuuma Genetics English","isPartOf":{"@id":"https:\/\/nuumagenetics.com\/en\/#website"},"datePublished":"2023-04-13T09:22:03+00:00","dateModified":"2023-06-26T07:01:36+00:00","breadcrumb":{"@id":"https:\/\/nuumagenetics.com\/en\/legal-notice\/#breadcrumb"},"inLanguage":"en-GB","potentialAction":[{"@type":"ReadAction","target":["https:\/\/nuumagenetics.com\/en\/legal-notice\/"]}]},{"@type":"BreadcrumbList","@id":"https:\/\/nuumagenetics.com\/en\/legal-notice\/#breadcrumb","itemListElement":[{"@type":"ListItem","position":1,"name":"Portada","item":"https:\/\/nuumagenetics.com\/en\/"},{"@type":"ListItem","position":2,"name":"Legal Notice"}]},{"@type":"WebSite","@id":"https:\/\/nuumagenetics.com\/en\/#website","url":"https:\/\/nuumagenetics.com\/en\/","name":"Nuuma genetics","description":"Somos un laboratorio de gen\u00e9tica donde proporcionamos un servicio integral, que abarca desde el asesoramiento hasta el diagn\u00f3stico de enfermedades gen\u00e9ticas, facilitando as\u00ed el proceso diagn\u00f3stico m\u00e9dico.","publisher":{"@id":"https:\/\/nuumagenetics.com\/en\/#organization"},"alternateName":"Nuuma","potentialAction":[{"@type":"SearchAction","target":{"@type":"EntryPoint","urlTemplate":"https:\/\/nuumagenetics.com\/en\/?s={search_term_string}"},"query-input":{"@type":"PropertyValueSpecification","valueRequired":true,"valueName":"search_term_string"}}],"inLanguage":"en-GB"},{"@type":"Organization","@id":"https:\/\/nuumagenetics.com\/en\/#organization","name":"Nuuma genetics","alternateName":"Nuuma","url":"https:\/\/nuumagenetics.com\/en\/","logo":{"@type":"ImageObject","inLanguage":"en-GB","@id":"https:\/\/nuumagenetics.com\/en\/#\/schema\/logo\/image\/","url":"https:\/\/nuumagenetics.com\/en\/wp-content\/uploads\/sites\/2\/2023\/05\/nuuma-1.svg","contentUrl":"https:\/\/nuumagenetics.com\/en\/wp-content\/uploads\/sites\/2\/2023\/05\/nuuma-1.svg","width":"1024","height":"1024","caption":"Nuuma genetics"},"image":{"@id":"https:\/\/nuumagenetics.com\/en\/#\/schema\/logo\/image\/"}}]}},"_links":{"self":[{"href":"https:\/\/nuumagenetics.com\/en\/wp-json\/wp\/v2\/pages\/573","targetHints":{"allow":["GET"]}}],"collection":[{"href":"https:\/\/nuumagenetics.com\/en\/wp-json\/wp\/v2\/pages"}],"about":[{"href":"https:\/\/nuumagenetics.com\/en\/wp-json\/wp\/v2\/types\/page"}],"author":[{"embeddable":true,"href":"https:\/\/nuumagenetics.com\/en\/wp-json\/wp\/v2\/users\/2"}],"replies":[{"embeddable":true,"href":"https:\/\/nuumagenetics.com\/en\/wp-json\/wp\/v2\/comments?post=573"}],"version-history":[{"count":9,"href":"https:\/\/nuumagenetics.com\/en\/wp-json\/wp\/v2\/pages\/573\/revisions"}],"predecessor-version":[{"id":823,"href":"https:\/\/nuumagenetics.com\/en\/wp-json\/wp\/v2\/pages\/573\/revisions\/823"}],"wp:attachment":[{"href":"https:\/\/nuumagenetics.com\/en\/wp-json\/wp\/v2\/media?parent=573"}],"curies":[{"name":"wp","href":"https:\/\/api.w.org\/{rel}","templated":true}]}}